{"id":52,"date":"2026-01-07T17:53:55","date_gmt":"2026-01-07T17:53:55","guid":{"rendered":"http:\/\/www.alexandrapouplard.com\/?page_id=52"},"modified":"2026-03-24T12:37:08","modified_gmt":"2026-03-24T12:37:08","slug":"massage-bien-etre","status":"publish","type":"page","link":"https:\/\/www.alexandrapouplard.com\/index.php\/massage-bien-etre\/","title":{"rendered":"Massage bien-\u00eatre"},"content":{"rendered":"\n<h2 class=\"wp-block-heading has-text-align-center\">Le Souffle des Mains 22<\/h2>\n\n\n\n<hr class=\"wp-block-separator has-alpha-channel-opacity\"\/>\n\n\n\n<p><\/p>\n\n\n\n<p><strong>Le massage fait partie de mon histoire depuis toujours.<\/strong><\/p>\n\n\n\n<p>Mon papa \u00e9tait masseur sportif sur le Tour de France cycliste, et en grandissant \u00e0 ses c\u00f4t\u00e9s, <strong>j\u2019ai tr\u00e8s t\u00f4t d\u00e9couvert la puissance du toucher.<\/strong> Ces mains capables d\u2019apaiser les tensions, de soulager le corps et de redonner de l\u2019\u00e9lan.<\/p>\n\n\n\n<p>Aujourd\u2019hui, je vous accueille dans ma caravane cosy, <strong>un cocon chaleureux imagin\u00e9 comme un espace hors du temps<\/strong>, o\u00f9 l\u2019on vient ralentir, souffler et se reconnecter \u00e0 soi.<\/p>\n\n\n\n<p>Chaque massage est unique. Je m\u2019adapte \u00e0 vos besoins, \u00e0 vos tensions et \u00e0 votre \u00e9tat du moment, en laissant mes mains se guider par l\u2019\u00e9coute du corps, <strong>dans une approche douce, intuitive et respectueuse.<\/strong><\/p>\n\n\n\n<h3 class=\"wp-block-heading has-text-align-center\"><strong>Mon intention est simple : vous offrir un moment de pause, de douceur et de pr\u00e9sence.<\/strong><\/h3>\n\n\n\n<blockquote class=\"wp-block-quote is-layout-flow wp-block-quote-is-layout-flow\">\n<p>Un moment pour rel\u00e2cher le corps, respirer profond\u00e9ment\u2026 et laisser le souffle revenir dans les mains.<\/p>\n<\/blockquote>\n\n\n\n<hr class=\"wp-block-separator has-alpha-channel-opacity\"\/>\n\n\n\n<h5 class=\"wp-block-heading has-text-align-center\"><strong><em>Fais du bien \u00e0 ton corps pour que ton \u00e2me ait envie d&rsquo;y rester  <\/em><\/strong><\/h5>\n\n\n\n<p class=\"has-text-align-center\"><em>Proverbe Indien <\/em><\/p>\n\n\n\n<hr class=\"wp-block-separator has-alpha-channel-opacity\"\/>\n\n\n\n<h2 class=\"wp-block-heading has-text-align-center\"><em>Un espace de douceur pour se d\u00e9poser, rel\u00e2cher et se reconnecter \u00e0 soi.<\/em><\/h2>\n\n\n\n<div class=\"wp-block-columns is-layout-flex wp-container-core-columns-is-layout-9d6595d7 wp-block-columns-is-layout-flex\">\n<div class=\"wp-block-column is-vertically-aligned-center is-layout-flow wp-block-column-is-layout-flow\">\n<figure class=\"wp-block-image size-large\"><img loading=\"lazy\" decoding=\"async\" width=\"1024\" height=\"680\" src=\"http:\/\/www.alexandrapouplard.com\/wp-content\/uploads\/2026\/02\/Mariage-Lena-et-Ona-By-Alex-016-1024x680.jpg\" alt=\"\" class=\"wp-image-173\" srcset=\"https:\/\/www.alexandrapouplard.com\/wp-content\/uploads\/2026\/02\/Mariage-Lena-et-Ona-By-Alex-016-1024x680.jpg 1024w, https:\/\/www.alexandrapouplard.com\/wp-content\/uploads\/2026\/02\/Mariage-Lena-et-Ona-By-Alex-016-300x199.jpg 300w, https:\/\/www.alexandrapouplard.com\/wp-content\/uploads\/2026\/02\/Mariage-Lena-et-Ona-By-Alex-016-768x510.jpg 768w, https:\/\/www.alexandrapouplard.com\/wp-content\/uploads\/2026\/02\/Mariage-Lena-et-Ona-By-Alex-016-1536x1020.jpg 1536w, https:\/\/www.alexandrapouplard.com\/wp-content\/uploads\/2026\/02\/Mariage-Lena-et-Ona-By-Alex-016-2048x1360.jpg 2048w\" sizes=\"auto, (max-width: 1024px) 100vw, 1024px\" \/><\/figure>\n<\/div>\n\n\n\n<div class=\"wp-block-column is-layout-flow wp-block-column-is-layout-flow\">\n<h2 class=\"wp-block-heading\"><strong>Formation<\/strong>s<\/h2>\n\n\n\n<p>En 2014, j\u2019ai choisi de suivre ce chemin en me formant \u00e0 Nantes, \u00e0 <strong>l\u2019\u00c9cole du Toucher et \u00e0 l\u2019\u00e9cole du massage hawa\u00efen Lomi Ola.<\/strong> J\u2019y ai appris diff\u00e9rentes approches du massage bien-\u00eatre, dont le massage Lomi-Lomi*, un massage fluide et enveloppant inspir\u00e9 de la tradition hawa\u00efenne, pratiqu\u00e9 avec de l\u2019huile de coco bio.<\/p>\n\n\n\n<p>Au fil des ann\u00e9es, <strong>mes formations et mes voyages ont nourri ma sensibilit\u00e9 et approfondi ma mani\u00e8re d\u2019accompagner le corps.<\/strong> Ils ont renforc\u00e9 ma conviction que le massage est avant tout une \u00e9coute, une pr\u00e9sence, un langage silencieux entre les mains et le corps.<\/p>\n\n\n\n<p>Selon les ressentis, j\u2019int\u00e8gre <strong>diff\u00e9rentes techniques de relaxation<\/strong>, comme <strong>la stimulation de points KNAP<\/strong> \u2014 des points pr\u00e9cis du corps qui permettent de rel\u00e2cher certaines tensions \u2014 ainsi que <strong>les vibrations des diapasons ou des bols tib\u00e9tains<\/strong>, qui accompagnent et prolongent la d\u00e9tente.<\/p>\n\n\n\n<p>* Lomi signifie massage en Hawa\u00efen. <strong>Le Lomi r\u00e9tablit l&rsquo;\u00e9quilibre du corps, du coeur et de l&rsquo;esprit. <\/strong><\/p>\n<\/div>\n<\/div>\n\n\n\n<h2 class=\"wp-block-heading\"><strong>Massages propos\u00e9s<\/strong> :<\/h2>\n\n\n\n<div class=\"wp-block-columns is-layout-flex wp-container-core-columns-is-layout-9d6595d7 wp-block-columns-is-layout-flex\">\n<div class=\"wp-block-column is-layout-flow wp-block-column-is-layout-flow\">\n<div class=\"wp-block-columns is-layout-flex wp-container-core-columns-is-layout-9d6595d7 wp-block-columns-is-layout-flex\">\n<div class=\"wp-block-column is-vertically-aligned-center is-layout-flow wp-block-column-is-layout-flow\">\n<h2 class=\"wp-block-heading\"><strong>Lomi-Lomi Hawa\u00efen<\/strong> &#8211;<em> fluide et rythm\u00e9 \u00e0 l&rsquo;huile de coco Bio<\/em><\/h2>\n\n\n\n<p class=\"has-text-align-left\">Profond et tr\u00e8s enveloppant, avec de longs gliss\u00e9s et des pressions appuy\u00e9es, ce massage dynamise l\u2019ensemble du syst\u00e8me \u00e9nerg\u00e9tique du corps. Il invite \u00e0 un v\u00e9ritable l\u00e2cher-prise et procure une sensation de fluidit\u00e9 et d\u2019harmonie.<\/p>\n<\/div>\n\n\n\n<div class=\"wp-block-column is-layout-flow wp-block-column-is-layout-flow\"><div class=\"wp-block-image\">\n<figure class=\"aligncenter size-large is-resized\"><img loading=\"lazy\" decoding=\"async\" width=\"940\" height=\"1024\" src=\"http:\/\/www.alexandrapouplard.com\/wp-content\/uploads\/2026\/02\/Mariage-Lena-et-Ona-By-Alex-027-940x1024.jpg\" alt=\"\" class=\"wp-image-184\" style=\"aspect-ratio:0.9179748232107929;width:249px;height:auto\" srcset=\"https:\/\/www.alexandrapouplard.com\/wp-content\/uploads\/2026\/02\/Mariage-Lena-et-Ona-By-Alex-027-940x1024.jpg 940w, https:\/\/www.alexandrapouplard.com\/wp-content\/uploads\/2026\/02\/Mariage-Lena-et-Ona-By-Alex-027-275x300.jpg 275w, https:\/\/www.alexandrapouplard.com\/wp-content\/uploads\/2026\/02\/Mariage-Lena-et-Ona-By-Alex-027-768x837.jpg 768w, https:\/\/www.alexandrapouplard.com\/wp-content\/uploads\/2026\/02\/Mariage-Lena-et-Ona-By-Alex-027-1410x1536.jpg 1410w, https:\/\/www.alexandrapouplard.com\/wp-content\/uploads\/2026\/02\/Mariage-Lena-et-Ona-By-Alex-027-1880x2048.jpg 1880w\" sizes=\"auto, (max-width: 940px) 100vw, 940px\" \/><\/figure>\n<\/div><\/div>\n<\/div>\n\n\n\n<div class=\"wp-block-columns is-layout-flex wp-container-core-columns-is-layout-9d6595d7 wp-block-columns-is-layout-flex\">\n<div class=\"wp-block-column is-vertically-aligned-center is-layout-flow wp-block-column-is-layout-flow\">\n<h2 class=\"wp-block-heading\"><strong>Lomi pr\u00e9natal<\/strong> &#8211;<em> doux et enveloppant<\/em><\/h2>\n\n\n\n<p class=\"has-text-align-left\">Des mouvements doux et enveloppants sp\u00e9cialement adapt\u00e9s \u00e0 la future maman. Ce massage procure une d\u00e9tente profonde, soulage les tensions et favorise une meilleure circulation sanguine.<\/p>\n<\/div>\n\n\n\n<div class=\"wp-block-column is-layout-flow wp-block-column-is-layout-flow\"><div class=\"wp-block-image\">\n<figure class=\"aligncenter size-large is-resized\"><img loading=\"lazy\" decoding=\"async\" width=\"703\" height=\"1024\" src=\"https:\/\/www.alexandrapouplard.com\/wp-content\/uploads\/2026\/03\/IMG_0031-703x1024.jpg\" alt=\"\" class=\"wp-image-202\" style=\"aspect-ratio:0.6865142621382893;width:233px;height:auto\" srcset=\"https:\/\/www.alexandrapouplard.com\/wp-content\/uploads\/2026\/03\/IMG_0031-703x1024.jpg 703w, https:\/\/www.alexandrapouplard.com\/wp-content\/uploads\/2026\/03\/IMG_0031-206x300.jpg 206w, https:\/\/www.alexandrapouplard.com\/wp-content\/uploads\/2026\/03\/IMG_0031-768x1118.jpg 768w, https:\/\/www.alexandrapouplard.com\/wp-content\/uploads\/2026\/03\/IMG_0031.jpg 788w\" sizes=\"auto, (max-width: 703px) 100vw, 703px\" \/><\/figure>\n<\/div><\/div>\n<\/div>\n\n\n\n<div class=\"wp-block-columns is-layout-flex wp-container-core-columns-is-layout-9d6595d7 wp-block-columns-is-layout-flex\">\n<div class=\"wp-block-column is-vertically-aligned-center is-layout-flow wp-block-column-is-layout-flow\">\n<h2 class=\"wp-block-heading\"><strong>Amma* assis Japonais<\/strong> <\/h2>\n\n\n\n<p><em>&#8211; sur chaise ergonomique &#8211; en \u00e9v\u00e8nementiel, en entreprise ou dans ma caravane cosy<\/em><\/p>\n\n\n\n<p>*Amma signifie \u00ab calmer par les mains \u00bb.<\/p>\n\n\n\n<p>Cette technique de massage, \u00e0 la fois relaxante et r\u00e9-\u00e9nergisante, est id\u00e9ale en entreprise ou pour une pause bien-\u00eatre rapide. En quelques minutes, elle aide \u00e0 \u00e9vacuer le stress, lib\u00e9rer les tensions et se reconnecter \u00e0 soi.<\/p>\n<\/div>\n\n\n\n<div class=\"wp-block-column is-layout-flow wp-block-column-is-layout-flow\"><div class=\"wp-block-image\">\n<figure class=\"aligncenter size-large is-resized\"><img loading=\"lazy\" decoding=\"async\" width=\"741\" height=\"1024\" src=\"https:\/\/www.alexandrapouplard.com\/wp-content\/uploads\/2026\/03\/OMATEO14-741x1024.jpg\" alt=\"\" class=\"wp-image-203\" style=\"aspect-ratio:0.723630109907488;width:247px;height:auto\" srcset=\"https:\/\/www.alexandrapouplard.com\/wp-content\/uploads\/2026\/03\/OMATEO14-741x1024.jpg 741w, https:\/\/www.alexandrapouplard.com\/wp-content\/uploads\/2026\/03\/OMATEO14-217x300.jpg 217w, https:\/\/www.alexandrapouplard.com\/wp-content\/uploads\/2026\/03\/OMATEO14-768x1061.jpg 768w, https:\/\/www.alexandrapouplard.com\/wp-content\/uploads\/2026\/03\/OMATEO14-1112x1536.jpg 1112w, https:\/\/www.alexandrapouplard.com\/wp-content\/uploads\/2026\/03\/OMATEO14-1482x2048.jpg 1482w, https:\/\/www.alexandrapouplard.com\/wp-content\/uploads\/2026\/03\/OMATEO14-scaled.jpg 1853w\" sizes=\"auto, (max-width: 741px) 100vw, 741px\" \/><\/figure>\n<\/div><\/div>\n<\/div>\n\n\n\n<hr class=\"wp-block-separator has-alpha-channel-opacity\"\/>\n\n\n\n<div class=\"wp-block-columns is-layout-flex wp-container-core-columns-is-layout-9d6595d7 wp-block-columns-is-layout-flex\">\n<div class=\"wp-block-column is-layout-flow wp-block-column-is-layout-flow\">\n<h2 class=\"wp-block-heading\"><strong>Massage intuitif personnalis\u00e9<\/strong> &#8211; <em>approche globale et personnalis\u00e9e<\/em><\/h2>\n\n\n\n<p>\u00c0 l\u2019\u00e9coute de votre corps et de vos besoins du moment, ce massage s\u2019adapte \u00e0 vos tensions, votre \u00e9nergie et vos \u00e9motions. Il peut se pratiquer \u00e0 l\u2019huile pour une exp\u00e9rience enveloppante et sensorielle, ou habill\u00e9 pour un toucher plus ancr\u00e9 et cibl\u00e9.<\/p>\n\n\n\n<p>Chaque geste est unique, guid\u00e9 par l\u2019instant pr\u00e9sent, m\u00ealant douceur, profondeur et pr\u00e9sence.<\/p>\n\n\n\n<p><strong>Un v\u00e9ritable voyage qui invite au rel\u00e2chement total et \u00e0 une reconnexion profonde \u00e0 soi.<\/strong><\/p>\n<\/div>\n\n\n\n<div class=\"wp-block-column is-vertically-aligned-center is-layout-flow wp-block-column-is-layout-flow\"><div class=\"wp-block-image\">\n<figure class=\"aligncenter size-large is-resized\"><img loading=\"lazy\" decoding=\"async\" width=\"1024\" height=\"680\" src=\"https:\/\/www.alexandrapouplard.com\/wp-content\/uploads\/2026\/03\/IMG_0032-2-1024x680.jpg\" alt=\"\" class=\"wp-image-204\" style=\"aspect-ratio:1.50590316343741;width:339px;height:auto\" srcset=\"https:\/\/www.alexandrapouplard.com\/wp-content\/uploads\/2026\/03\/IMG_0032-2-1024x680.jpg 1024w, https:\/\/www.alexandrapouplard.com\/wp-content\/uploads\/2026\/03\/IMG_0032-2-300x199.jpg 300w, https:\/\/www.alexandrapouplard.com\/wp-content\/uploads\/2026\/03\/IMG_0032-2-768x510.jpg 768w, https:\/\/www.alexandrapouplard.com\/wp-content\/uploads\/2026\/03\/IMG_0032-2.jpg 1280w\" sizes=\"auto, (max-width: 1024px) 100vw, 1024px\" \/><\/figure>\n<\/div><\/div>\n<\/div>\n<\/div>\n<\/div>\n\n\n\n<div class=\"wp-block-columns is-layout-flex wp-container-core-columns-is-layout-9d6595d7 wp-block-columns-is-layout-flex\">\n<div class=\"wp-block-column is-layout-flow wp-block-column-is-layout-flow\">\n<h2 class=\"wp-block-heading\"><strong>O\u00f9 se d\u00e9roulent les massages ?<\/strong><\/h2>\n\n\n\n<div class=\"wp-block-columns is-layout-flex wp-container-core-columns-is-layout-9d6595d7 wp-block-columns-is-layout-flex\">\n<div class=\"wp-block-column is-layout-flow wp-block-column-is-layout-flow\">\n<p>Les s\u00e9ances peuvent avoir lieu :<\/p>\n\n\n\n<ul class=\"wp-block-list\">\n<li><strong>dans une caravane cosy<\/strong> \u00e0 la campagne, \u00e0 l\u2019ambiance chaleureuse, install\u00e9e \u00e0 mon domicile&nbsp;<\/li>\n\n\n\n<li><strong>lors d\u2019\u00e9v\u00e9nements, stages ou rencontres bien-\u00eatre<\/strong><\/li>\n\n\n\n<li><strong>en entreprise ou en comit\u00e9 d\u2019entreprise<\/strong>, notamment via le massage Amma assis&nbsp;<\/li>\n<\/ul>\n\n\n\n<p>   <em>Le massage vient \u00e0 vous, l\u00e0 o\u00f9 vous en avez besoin.<\/em><\/p>\n<\/div>\n\n\n\n<div class=\"wp-block-column is-layout-flow wp-block-column-is-layout-flow\">\n<figure class=\"wp-block-image size-large is-resized\"><img loading=\"lazy\" decoding=\"async\" width=\"1024\" height=\"768\" src=\"https:\/\/www.alexandrapouplard.com\/wp-content\/uploads\/2026\/03\/CARAVANE-MARS-2026-1024x768.jpg\" alt=\"\" class=\"wp-image-244\" style=\"aspect-ratio:1.3334089259796806;width:433px;height:auto\" srcset=\"https:\/\/www.alexandrapouplard.com\/wp-content\/uploads\/2026\/03\/CARAVANE-MARS-2026-1024x768.jpg 1024w, https:\/\/www.alexandrapouplard.com\/wp-content\/uploads\/2026\/03\/CARAVANE-MARS-2026-300x225.jpg 300w, https:\/\/www.alexandrapouplard.com\/wp-content\/uploads\/2026\/03\/CARAVANE-MARS-2026-768x576.jpg 768w, https:\/\/www.alexandrapouplard.com\/wp-content\/uploads\/2026\/03\/CARAVANE-MARS-2026-1536x1152.jpg 1536w, https:\/\/www.alexandrapouplard.com\/wp-content\/uploads\/2026\/03\/CARAVANE-MARS-2026-2048x1536.jpg 2048w\" sizes=\"auto, (max-width: 1024px) 100vw, 1024px\" \/><\/figure>\n<\/div>\n<\/div>\n<\/div>\n<\/div>\n\n\n\n<div class=\"wp-block-columns is-layout-flex wp-container-core-columns-is-layout-9d6595d7 wp-block-columns-is-layout-flex\">\n<div class=\"wp-block-column is-layout-flow wp-block-column-is-layout-flow\">\n<figure class=\"wp-block-image size-large\"><img loading=\"lazy\" decoding=\"async\" width=\"1024\" height=\"768\" src=\"https:\/\/www.alexandrapouplard.com\/wp-content\/uploads\/2026\/03\/Captation-Alex-Massage-INTRODUCTIF-Mars-2026-19-1024x768.jpg\" alt=\"\" class=\"wp-image-245\" srcset=\"https:\/\/www.alexandrapouplard.com\/wp-content\/uploads\/2026\/03\/Captation-Alex-Massage-INTRODUCTIF-Mars-2026-19-1024x768.jpg 1024w, https:\/\/www.alexandrapouplard.com\/wp-content\/uploads\/2026\/03\/Captation-Alex-Massage-INTRODUCTIF-Mars-2026-19-300x225.jpg 300w, https:\/\/www.alexandrapouplard.com\/wp-content\/uploads\/2026\/03\/Captation-Alex-Massage-INTRODUCTIF-Mars-2026-19-768x576.jpg 768w, https:\/\/www.alexandrapouplard.com\/wp-content\/uploads\/2026\/03\/Captation-Alex-Massage-INTRODUCTIF-Mars-2026-19-1536x1152.jpg 1536w, https:\/\/www.alexandrapouplard.com\/wp-content\/uploads\/2026\/03\/Captation-Alex-Massage-INTRODUCTIF-Mars-2026-19-2048x1536.jpg 2048w\" sizes=\"auto, (max-width: 1024px) 100vw, 1024px\" \/><\/figure>\n<\/div>\n\n\n\n<div class=\"wp-block-column is-layout-flow wp-block-column-is-layout-flow\">\n<figure class=\"wp-block-image size-large\"><img loading=\"lazy\" decoding=\"async\" width=\"1024\" height=\"768\" src=\"https:\/\/www.alexandrapouplard.com\/wp-content\/uploads\/2026\/03\/Captation-Alex-Massage-INTRODUCTIF-Mars-2026-35-1024x768.jpg\" alt=\"\" class=\"wp-image-246\" srcset=\"https:\/\/www.alexandrapouplard.com\/wp-content\/uploads\/2026\/03\/Captation-Alex-Massage-INTRODUCTIF-Mars-2026-35-1024x768.jpg 1024w, https:\/\/www.alexandrapouplard.com\/wp-content\/uploads\/2026\/03\/Captation-Alex-Massage-INTRODUCTIF-Mars-2026-35-300x225.jpg 300w, https:\/\/www.alexandrapouplard.com\/wp-content\/uploads\/2026\/03\/Captation-Alex-Massage-INTRODUCTIF-Mars-2026-35-768x576.jpg 768w, https:\/\/www.alexandrapouplard.com\/wp-content\/uploads\/2026\/03\/Captation-Alex-Massage-INTRODUCTIF-Mars-2026-35-1536x1152.jpg 1536w, https:\/\/www.alexandrapouplard.com\/wp-content\/uploads\/2026\/03\/Captation-Alex-Massage-INTRODUCTIF-Mars-2026-35-2048x1536.jpg 2048w\" sizes=\"auto, (max-width: 1024px) 100vw, 1024px\" \/><\/figure>\n<\/div>\n<\/div>\n\n\n\n<hr class=\"wp-block-separator has-alpha-channel-opacity\"\/>\n\n\n\n<h5 class=\"wp-block-heading has-text-align-center\"><strong>La Peau est l\u00a0\u00bbenveloppe de notre corps qui est la maison de notre \u00e2me<\/strong><\/h5>\n\n\n\n<hr class=\"wp-block-separator has-alpha-channel-opacity\"\/>\n\n\n\n<h2 class=\"wp-block-heading\"><strong>Les Tarifs \u2013 Le Souffle des Mains<\/strong><\/h2>\n\n\n\n<h3 class=\"wp-block-heading\">Massages bien-\u00eatre personnalis\u00e9s<\/h3>\n\n\n\n<p>30 minutes \u2014 30\u20ac<br>1 heure \u2014 60\u20ac<br>1h30 \u2014 90\u20ac<\/p>\n\n\n\n<p>Chaque s\u00e9ance est adapt\u00e9e \u00e0 vos besoins du moment : d\u00e9tente, rel\u00e2chement des tensions, reconnexion \u00e0 soi.<\/p>\n\n\n\n<hr class=\"wp-block-separator has-alpha-channel-opacity\"\/>\n\n\n\n<h3 class=\"wp-block-heading\">Massage assis (habill\u00e9)<\/h3>\n\n\n\n<p>20 minutes \u2014 20\u20ac<\/p>\n\n\n\n<p>Id\u00e9al pour une pause rapide, en entreprise, \u00e9v\u00e9nement ou \u00e0 domicile.<\/p>\n\n\n\n<hr class=\"wp-block-separator has-alpha-channel-opacity\"\/>\n\n\n\n<h2 class=\"wp-block-heading\">Cartes de fid\u00e9lit\u00e9<\/h2>\n\n\n\n<h3 class=\"wp-block-heading\">Carte 5 s\u00e9ances<\/h3>\n\n\n\n<p>5 s\u00e9ances d\u20191h \u2014 270\u20ac<br>Valable 6 mois<\/p>\n\n\n\n<hr class=\"wp-block-separator has-alpha-channel-opacity\"\/>\n\n\n\n<h3 class=\"wp-block-heading\">Carte 10 s\u00e9ances<\/h3>\n\n\n\n<p>10 s\u00e9ances d\u20191h \u2014 500\u20ac<br>Valable 1 an<\/p>\n\n\n\n<p>Possibilit\u00e9 d\u2019adapter la dur\u00e9e des s\u00e9ances (30 minutes, 1 heure ou 1h30) selon vos envies et besoins.<\/p>\n\n\n\n<hr class=\"wp-block-separator has-alpha-channel-opacity\"\/>\n\n\n\n<h2 class=\"wp-block-heading\">Bons cadeaux<\/h2>\n\n\n\n<p>Offrez un moment de bien-\u00eatre personnalis\u00e9<br>Dur\u00e9e ou montant au choix<br>Valable 6 mois<\/p>\n\n\n\n<hr class=\"wp-block-separator has-alpha-channel-opacity\"\/>\n\n\n\n<h2 class=\"wp-block-heading\">\u26a0\ufe0f Infos pratiques <\/h2>\n\n\n\n<p>Sur rendez-vous uniquement<br>Merci de pr\u00e9venir 24h minimum \u00e0 l\u2019avance en cas d\u2019annulation<\/p>\n\n\n\n<p><\/p>\n\n\n\n<h6 class=\"wp-block-heading\"><em>Massages non th\u00e9rapeutiques et non sexuels<\/em><\/h6>\n\n\n\n<p><\/p>\n","protected":false},"excerpt":{"rendered":"<p>Le Souffle des Mains 22 Le massage fait partie de mon histoire depuis toujours. Mon papa \u00e9tait masseur sportif sur le Tour de France cycliste, et en grandissant \u00e0 ses c\u00f4t\u00e9s, j\u2019ai tr\u00e8s t\u00f4t d\u00e9couvert la puissance du toucher. Ces mains capables d\u2019apaiser les tensions, de soulager le corps et de redonner de l\u2019\u00e9lan. Aujourd\u2019hui,&#8230;<\/p>\n","protected":false},"author":1,"featured_media":0,"parent":0,"menu_order":0,"comment_status":"closed","ping_status":"closed","template":"","meta":{"_kadence_starter_templates_imported_post":false,"_kad_post_transparent":"","_kad_post_title":"","_kad_post_layout":"","_kad_post_sidebar_id":"","_kad_post_content_style":"","_kad_post_vertical_padding":"","_kad_post_feature":"","_kad_post_feature_position":"","_kad_post_header":false,"_kad_post_footer":false,"_kad_post_classname":"","footnotes":""},"class_list":["post-52","page","type-page","status-publish","hentry"],"_links":{"self":[{"href":"https:\/\/www.alexandrapouplard.com\/index.php\/wp-json\/wp\/v2\/pages\/52","targetHints":{"allow":["GET"]}}],"collection":[{"href":"https:\/\/www.alexandrapouplard.com\/index.php\/wp-json\/wp\/v2\/pages"}],"about":[{"href":"https:\/\/www.alexandrapouplard.com\/index.php\/wp-json\/wp\/v2\/types\/page"}],"author":[{"embeddable":true,"href":"https:\/\/www.alexandrapouplard.com\/index.php\/wp-json\/wp\/v2\/users\/1"}],"replies":[{"embeddable":true,"href":"https:\/\/www.alexandrapouplard.com\/index.php\/wp-json\/wp\/v2\/comments?post=52"}],"version-history":[{"count":30,"href":"https:\/\/www.alexandrapouplard.com\/index.php\/wp-json\/wp\/v2\/pages\/52\/revisions"}],"predecessor-version":[{"id":247,"href":"https:\/\/www.alexandrapouplard.com\/index.php\/wp-json\/wp\/v2\/pages\/52\/revisions\/247"}],"wp:attachment":[{"href":"https:\/\/www.alexandrapouplard.com\/index.php\/wp-json\/wp\/v2\/media?parent=52"}],"curies":[{"name":"wp","href":"https:\/\/api.w.org\/{rel}","templated":true}]}}